{"id":134,"date":"2019-08-23T06:08:43","date_gmt":"2019-08-23T05:08:43","guid":{"rendered":"http:\/\/maisondurand.com\/?page_id=134"},"modified":"2026-03-29T08:42:07","modified_gmt":"2026-03-29T06:42:07","slug":"entremets","status":"publish","type":"page","link":"https:\/\/www.maisondurand.com\/index.php\/entremets\/","title":{"rendered":"ENTREMETS"},"content":{"rendered":"\n<h2 class=\"wp-block-heading\"><strong>\u2022 Royal<\/strong> : Mousse Chocolat 55%, Feuillet\u00e9 pralin\u00e9 maison, Biscuit chocolat <\/h2>\n\n\n\n<h2 class=\"wp-block-heading\"><strong>\u2022 Bourbon <\/strong>: Mousse chocolat au lait, cr\u00e8me vanille bourbon, Eclats de Nougatine, biscuit chocolat. &#8211; <strong>S\/ gluten <\/strong><\/h2>\n\n\n\n<h2 class=\"wp-block-heading\"><strong>\u2022 Fleur de cacao<\/strong> : Mousse chocolat noir Tropilia 70% , cr\u00e9meux intense Cacao, biscuit Brownies &#8211; <strong>S\/gluten<\/strong><\/h2>\n\n\n\n<h2 class=\"wp-block-heading\"><strong>\u2022 Phyladelphia<\/strong> : Mousse cheesecake, compote de framboise, croustillant sp\u00e9culoos. <strong>(5\/8\/10\/12 personnes)<\/strong><\/h2>\n\n\n\n<h2 class=\"wp-block-heading\"><strong>\u2022 Magda<\/strong> : Mousse framboise, compot\u00e9e fruits rouges, biscuit madeleine. &#8211; <strong>S\/gluten<\/strong><\/h2>\n\n\n\n<h2 class=\"wp-block-heading\"><strong>\u2022 Snow<\/strong> : Mousse all\u00e9g\u00e9e vanille, Caramel beurre sal\u00e9, struzel. &#8211; <strong>S\/gluten<\/strong><\/h2>\n\n\n\n<h2 class=\"wp-block-heading\"><strong>\u2022 Exotique<\/strong> : Mousse mangue Passion, Cr\u00e9meux Vanille, Feuillet\u00e9 Coco, Biscuit amande.<\/h2>\n\n\n\n<h2 class=\"wp-block-heading\"><strong>Les classiques<\/strong>:<\/h2>\n\n\n\n<h2 class=\"wp-block-heading\">                                        <strong>Uniquement le Samedi et<\/strong> <strong>Dimanche <\/strong><\/h2>\n\n\n\n<h2 class=\"wp-block-heading\"><strong>Commandes avant le jeudi 12h<\/strong><\/h2>\n\n\n\n<h2 class=\"wp-block-heading\"><strong>Mille Feuilles:<\/strong> P\u00e2te feuillet\u00e9e, cr\u00e9me vanille bourbon, gla\u00e7age.<\/h2>\n\n\n\n<h2 class=\"wp-block-heading\"><strong>St\/Honor\u00e9:<\/strong> P\u00e2te feuillet\u00e9e, p\u00e2te \u00e0 choux, cr\u00e9meuse bourbon, chantilly<\/h2>\n\n\n\n<h2 class=\"wp-block-heading\"><strong>Paris- Brest:<\/strong> P\u00e2te \u00e0 choux, cr\u00e9meux pralin\u00e9, chantilly<\/h2>\n\n\n\n<h2 class=\"wp-block-heading\"><strong>Tarte citron meringu\u00e9e <\/strong><\/h2>\n\n\n\n<p><\/p>\n","protected":false},"excerpt":{"rendered":"<p>\u2022 Royal : Mousse Chocolat 55%, Feuillet\u00e9 pralin\u00e9 maison, Biscuit chocolat \u2022 Bourbon : Mousse chocolat au lait, cr\u00e8me vanille bourbon, Eclats de Nougatine, biscuit chocolat. &#8211; S\/ gluten \u2022 Fleur de cacao : Mousse chocolat noir Tropilia 70% , cr\u00e9meux intense Cacao, biscuit Brownies &#8211; S\/gluten \u2022 Phyladelphia : Mousse cheesecake, compote de framboise, &hellip; <\/p>\n<p class=\"link-more\"><a href=\"https:\/\/www.maisondurand.com\/index.php\/entremets\/\" class=\"more-link\">Continue reading<span class=\"screen-reader-text\"> &#8220;ENTREMETS&#8221;<\/span><\/a><\/p>\n","protected":false},"author":1,"featured_media":0,"parent":0,"menu_order":0,"comment_status":"closed","ping_status":"closed","template":"","meta":{"footnotes":""},"class_list":["post-134","page","type-page","status-publish","hentry"],"_links":{"self":[{"href":"https:\/\/www.maisondurand.com\/index.php\/wp-json\/wp\/v2\/pages\/134","targetHints":{"allow":["GET"]}}],"collection":[{"href":"https:\/\/www.maisondurand.com\/index.php\/wp-json\/wp\/v2\/pages"}],"about":[{"href":"https:\/\/www.maisondurand.com\/index.php\/wp-json\/wp\/v2\/types\/page"}],"author":[{"embeddable":true,"href":"https:\/\/www.maisondurand.com\/index.php\/wp-json\/wp\/v2\/users\/1"}],"replies":[{"embeddable":true,"href":"https:\/\/www.maisondurand.com\/index.php\/wp-json\/wp\/v2\/comments?post=134"}],"version-history":[{"count":14,"href":"https:\/\/www.maisondurand.com\/index.php\/wp-json\/wp\/v2\/pages\/134\/revisions"}],"predecessor-version":[{"id":830,"href":"https:\/\/www.maisondurand.com\/index.php\/wp-json\/wp\/v2\/pages\/134\/revisions\/830"}],"wp:attachment":[{"href":"https:\/\/www.maisondurand.com\/index.php\/wp-json\/wp\/v2\/media?parent=134"}],"curies":[{"name":"wp","href":"https:\/\/api.w.org\/{rel}","templated":true}]}}