{"id":137,"date":"2019-08-23T06:09:56","date_gmt":"2019-08-23T05:09:56","guid":{"rendered":"http:\/\/maisondurand.com\/?page_id=137"},"modified":"2026-03-29T08:36:59","modified_gmt":"2026-03-29T06:36:59","slug":"individuels","status":"publish","type":"page","link":"https:\/\/www.maisondurand.com\/index.php\/individuels\/","title":{"rendered":"INDIVIDUELS"},"content":{"rendered":"\n<h2 class=\"wp-block-heading\"><strong>\u2022 Fleur de cacao<\/strong> : Mousse chocolat noir Tropilia 70%, cr\u00e9meux intense Cacao , biscuit Brownies &#8211; <strong>S\/gluten <\/strong><\/h2>\n\n\n\n<h2 class=\"wp-block-heading\"><strong>\u2022 Royal<\/strong> : Mousse Chocolat 55%, Feuillet\u00e9 pralin\u00e9 maison, Biscuit chocolat.<\/h2>\n\n\n\n<h2 class=\"wp-block-heading\"><strong>\u2022 Bourbon <\/strong>: Mousse chocolat au lait, cr\u00e8me vanille bourbon, \u00c9clats de Nougatine, biscuit chocolat. &#8211; <strong>S\/ gluten <\/strong><\/h2>\n\n\n\n<h2 class=\"wp-block-heading\"><strong>\u2022 D\u00f4me<\/strong> : Mousse chocolat au lait, Caramel &amp; Cacahu\u00e8tes, feuillet\u00e9 pralin\u00e9 cacahu\u00e8te, biscuit Chocolat.<\/h2>\n\n\n\n<h2 class=\"wp-block-heading\"><strong>\u2022 Snow<\/strong> : Mousse mascarpone vanille, caramel beurre sal\u00e9 , streusel &#8211;<strong>S\/gluten<\/strong><\/h2>\n\n\n\n<h2 class=\"wp-block-heading\"><strong>\u2022 Phyladelphia<\/strong> : Mousse cheesecake vanille et zeste de citron , cr\u00e9meux framboise, croustillant sp\u00e9culoos.<\/h2>\n\n\n\n<h2 class=\"wp-block-heading\"><strong>\u2022 Magda<\/strong> : Mousse framboise, compot\u00e9e fruits rouges, biscuit madeleine &#8211; <strong>S\/gluten<\/strong><\/h2>\n\n\n\n<h2 class=\"wp-block-heading\"><strong>\u2022 Exotique<\/strong> : Mousse mangue Passion, Cr\u00e8me Vanille, Feuillet\u00e9 Coco, Biscuit amande.<\/h2>\n\n\n\n<h2 class=\"wp-block-heading\"><strong>\u2022 Tartelette citron meringu\u00e9e<\/strong> : P\u00e2te sabl\u00e9e, cr\u00e9meux citron, Meringue.<\/h2>\n\n\n\n<h2 class=\"wp-block-heading\"><strong>\u2022 Eclair<\/strong> : P\u00e2te \u00e0 choux, crumble, cr\u00e9meux caf\u00e9 ou chocolat 70%<br><\/h2>\n\n\n\n<h2 class=\"wp-block-heading\"><strong>\u2022 Op\u00e9ra : <\/strong>Mousse mascarpone Caf\u00e9, cr\u00e9meux chocolat 70%, biscuit joconde caf\u00e9, gla\u00e7age gourmand chocolat et amandes. &#8211; <strong>S\/gluten <\/strong><\/h2>\n\n\n\n<h2 class=\"wp-block-heading\"><\/h2>\n\n\n\n<h2 class=\"wp-block-heading has-text-align-center\"><span style=\"text-decoration: underline\"><strong><em>Uniquement le samedi et dimanche :<\/em><\/strong><\/span><\/h2>\n\n\n\n<h2 class=\"wp-block-heading\"><strong>\u2022 Mille Feuille <\/strong>: P\u00e2te feuillet\u00e9, mousse l\u00e9g\u00e8re vanille<\/h2>\n\n\n\n<h2 class=\"wp-block-heading\"><strong>\u2022 Baba au Rhum<\/strong>: enti\u00e8rement fait maison<\/h2>\n\n\n\n<h2 class=\"wp-block-heading has-text-align-center\"><span style=\"text-decoration: underline\"><strong><em>Nouveaut\u00e9 temporaire :<\/em><\/strong><\/span><\/h2>\n\n\n\n<h2 class=\"wp-block-heading\"><strong>\u2022 Tartelette Yuzu: <\/strong>cr\u00e9meux yuzu, p\u00e2te sabl\u00e9, meringue. <\/h2>\n\n\n\n<h2 class=\"wp-block-heading\"><strong>\u2022Fraisia :<\/strong> Cheese vanille, cr\u00e9meux fraise &amp; rhubarbe, biscuit amande. <strong>S\/gluten <\/strong><\/h2>\n\n\n\n<h2 class=\"wp-block-heading\"><strong>\u2022<\/strong> <strong>Douceur: <\/strong>Mousse amandes, compot\u00e9e abricot r\u00f4ti, biscuit amande.  <strong>S\/gluten <\/strong><\/h2>\n\n\n\n<p><\/p>\n","protected":false},"excerpt":{"rendered":"<p>\u2022 Fleur de cacao : Mousse chocolat noir Tropilia 70%, cr\u00e9meux intense Cacao , biscuit Brownies &#8211; S\/gluten \u2022 Royal : Mousse Chocolat 55%, Feuillet\u00e9 pralin\u00e9 maison, Biscuit chocolat. \u2022 Bourbon : Mousse chocolat au lait, cr\u00e8me vanille bourbon, \u00c9clats de Nougatine, biscuit chocolat. &#8211; S\/ gluten \u2022 D\u00f4me : Mousse chocolat au lait, Caramel &hellip; <\/p>\n<p class=\"link-more\"><a href=\"https:\/\/www.maisondurand.com\/index.php\/individuels\/\" class=\"more-link\">Continue reading<span class=\"screen-reader-text\"> &#8220;INDIVIDUELS&#8221;<\/span><\/a><\/p>\n","protected":false},"author":1,"featured_media":0,"parent":0,"menu_order":0,"comment_status":"closed","ping_status":"closed","template":"","meta":{"footnotes":""},"class_list":["post-137","page","type-page","status-publish","hentry"],"_links":{"self":[{"href":"https:\/\/www.maisondurand.com\/index.php\/wp-json\/wp\/v2\/pages\/137","targetHints":{"allow":["GET"]}}],"collection":[{"href":"https:\/\/www.maisondurand.com\/index.php\/wp-json\/wp\/v2\/pages"}],"about":[{"href":"https:\/\/www.maisondurand.com\/index.php\/wp-json\/wp\/v2\/types\/page"}],"author":[{"embeddable":true,"href":"https:\/\/www.maisondurand.com\/index.php\/wp-json\/wp\/v2\/users\/1"}],"replies":[{"embeddable":true,"href":"https:\/\/www.maisondurand.com\/index.php\/wp-json\/wp\/v2\/comments?post=137"}],"version-history":[{"count":14,"href":"https:\/\/www.maisondurand.com\/index.php\/wp-json\/wp\/v2\/pages\/137\/revisions"}],"predecessor-version":[{"id":826,"href":"https:\/\/www.maisondurand.com\/index.php\/wp-json\/wp\/v2\/pages\/137\/revisions\/826"}],"wp:attachment":[{"href":"https:\/\/www.maisondurand.com\/index.php\/wp-json\/wp\/v2\/media?parent=137"}],"curies":[{"name":"wp","href":"https:\/\/api.w.org\/{rel}","templated":true}]}}