{"id":2,"date":"2024-10-29T14:15:29","date_gmt":"2024-10-29T13:15:29","guid":{"rendered":"http:\/\/www.maisondurand.com\/?page_id=2"},"modified":"2024-11-14T19:26:25","modified_gmt":"2024-11-14T18:26:25","slug":"page-d-exemple","status":"publish","type":"page","link":"https:\/\/www.maisondurand.com\/index.php\/page-d-exemple\/","title":{"rendered":"Salon de th\u00e9"},"content":{"rendered":"\n<figure class=\"wp-block-gallery has-nested-images columns-default is-cropped wp-block-gallery-1 is-layout-flex wp-block-gallery-is-layout-flex\">\n<figure class=\"wp-block-image size-large\"><a href=\"https:\/\/www.maisondurand.com\/index.php\/boissons-chaudes\/\"><img loading=\"lazy\" decoding=\"async\" width=\"724\" height=\"1024\" data-id=\"692\" src=\"https:\/\/www.maisondurand.com\/wp-content\/uploads\/2024\/11\/2-1-724x1024.png\" alt=\"\" class=\"wp-image-692\" srcset=\"https:\/\/www.maisondurand.com\/wp-content\/uploads\/2024\/11\/2-1-724x1024.png 724w, https:\/\/www.maisondurand.com\/wp-content\/uploads\/2024\/11\/2-1-212x300.png 212w, https:\/\/www.maisondurand.com\/wp-content\/uploads\/2024\/11\/2-1-768x1086.png 768w, https:\/\/www.maisondurand.com\/wp-content\/uploads\/2024\/11\/2-1-1086x1536.png 1086w, https:\/\/www.maisondurand.com\/wp-content\/uploads\/2024\/11\/2-1-1448x2048.png 1448w, https:\/\/www.maisondurand.com\/wp-content\/uploads\/2024\/11\/2-1.png 1587w\" sizes=\"auto, (max-width: 724px) 100vw, 724px\" \/><\/a><\/figure>\n\n\n\n<figure class=\"wp-block-image size-large\"><a href=\"https:\/\/www.maisondurand.com\/index.php\/boissons-fraiches\/\"><img loading=\"lazy\" decoding=\"async\" width=\"724\" height=\"1024\" data-id=\"691\" src=\"https:\/\/www.maisondurand.com\/wp-content\/uploads\/2024\/11\/1-1-724x1024.png\" alt=\"\" class=\"wp-image-691\" srcset=\"https:\/\/www.maisondurand.com\/wp-content\/uploads\/2024\/11\/1-1-724x1024.png 724w, https:\/\/www.maisondurand.com\/wp-content\/uploads\/2024\/11\/1-1-212x300.png 212w, https:\/\/www.maisondurand.com\/wp-content\/uploads\/2024\/11\/1-1-768x1086.png 768w, https:\/\/www.maisondurand.com\/wp-content\/uploads\/2024\/11\/1-1-1086x1536.png 1086w, https:\/\/www.maisondurand.com\/wp-content\/uploads\/2024\/11\/1-1-1448x2048.png 1448w, https:\/\/www.maisondurand.com\/wp-content\/uploads\/2024\/11\/1-1.png 1587w\" sizes=\"auto, (max-width: 724px) 100vw, 724px\" \/><\/a><\/figure>\n\n\n\n<figure class=\"wp-block-image size-large\"><a href=\"https:\/\/www.maisondurand.com\/index.php\/the-infusions\/\"><img loading=\"lazy\" decoding=\"async\" width=\"724\" height=\"1024\" data-id=\"693\" src=\"https:\/\/www.maisondurand.com\/wp-content\/uploads\/2024\/11\/Votre-texte-de-paragraphe-724x1024.png\" alt=\"\" class=\"wp-image-693\" srcset=\"https:\/\/www.maisondurand.com\/wp-content\/uploads\/2024\/11\/Votre-texte-de-paragraphe-724x1024.png 724w, https:\/\/www.maisondurand.com\/wp-content\/uploads\/2024\/11\/Votre-texte-de-paragraphe-212x300.png 212w, https:\/\/www.maisondurand.com\/wp-content\/uploads\/2024\/11\/Votre-texte-de-paragraphe-768x1086.png 768w, https:\/\/www.maisondurand.com\/wp-content\/uploads\/2024\/11\/Votre-texte-de-paragraphe-1086x1536.png 1086w, https:\/\/www.maisondurand.com\/wp-content\/uploads\/2024\/11\/Votre-texte-de-paragraphe-1448x2048.png 1448w, https:\/\/www.maisondurand.com\/wp-content\/uploads\/2024\/11\/Votre-texte-de-paragraphe.png 1587w\" sizes=\"auto, (max-width: 724px) 100vw, 724px\" \/><\/a><\/figure>\n<\/figure>\n\n\n\n<p>Nous vous proposons une s\u00e9lection de douceurs sp\u00e9cialement con\u00e7ues pour le go\u00fbter. Retrouvez des p\u00e2tisseries artisanales pr\u00e9par\u00e9es chaque jour avec soin. <\/p>\n\n\n\n<p>Chaque cr\u00e9ation est pens\u00e9e pour offrir un moment de plaisir simple et authentique.<\/p>\n\n\n\n<p>Accompagnez votre go\u00fbter de votre boisson pr\u00e9f\u00e9r\u00e9e, que ce soit un th\u00e9, un caf\u00e9, ou une boisson fra\u00eeche, et laissez-vous tenter par un instant de d\u00e9tente et de douceur<\/p>\n\n\n\n<figure class=\"wp-block-image size-large\"><img loading=\"lazy\" decoding=\"async\" width=\"1024\" height=\"767\" src=\"http:\/\/www.maisondurand.com\/wp-content\/uploads\/2024\/11\/img_2908-1-1-1024x767.jpg\" alt=\"\" class=\"wp-image-681\" srcset=\"https:\/\/www.maisondurand.com\/wp-content\/uploads\/2024\/11\/img_2908-1-1-1024x767.jpg 1024w, https:\/\/www.maisondurand.com\/wp-content\/uploads\/2024\/11\/img_2908-1-1-300x225.jpg 300w, https:\/\/www.maisondurand.com\/wp-content\/uploads\/2024\/11\/img_2908-1-1-768x575.jpg 768w, https:\/\/www.maisondurand.com\/wp-content\/uploads\/2024\/11\/img_2908-1-1.jpg 1179w\" sizes=\"auto, (max-width: 767px) 89vw, (max-width: 1000px) 54vw, (max-width: 1071px) 543px, 580px\" \/><figcaption class=\"wp-element-caption\">Screenshot<\/figcaption><\/figure>\n","protected":false},"excerpt":{"rendered":"<p>Nous vous proposons une s\u00e9lection de douceurs sp\u00e9cialement con\u00e7ues pour le go\u00fbter. Retrouvez des p\u00e2tisseries artisanales pr\u00e9par\u00e9es chaque jour avec soin. Chaque cr\u00e9ation est pens\u00e9e pour offrir un moment de plaisir simple et authentique. Accompagnez votre go\u00fbter de votre boisson pr\u00e9f\u00e9r\u00e9e, que ce soit un th\u00e9, un caf\u00e9, ou une boisson fra\u00eeche, et laissez-vous tenter &hellip; <\/p>\n<p class=\"link-more\"><a href=\"https:\/\/www.maisondurand.com\/index.php\/page-d-exemple\/\" class=\"more-link\">Continue reading<span class=\"screen-reader-text\"> &#8220;Salon de th\u00e9&#8221;<\/span><\/a><\/p>\n","protected":false},"author":1,"featured_media":0,"parent":0,"menu_order":0,"comment_status":"closed","ping_status":"open","template":"","meta":{"footnotes":""},"class_list":["post-2","page","type-page","status-publish","hentry"],"_links":{"self":[{"href":"https:\/\/www.maisondurand.com\/index.php\/wp-json\/wp\/v2\/pages\/2","targetHints":{"allow":["GET"]}}],"collection":[{"href":"https:\/\/www.maisondurand.com\/index.php\/wp-json\/wp\/v2\/pages"}],"about":[{"href":"https:\/\/www.maisondurand.com\/index.php\/wp-json\/wp\/v2\/types\/page"}],"author":[{"embeddable":true,"href":"https:\/\/www.maisondurand.com\/index.php\/wp-json\/wp\/v2\/users\/1"}],"replies":[{"embeddable":true,"href":"https:\/\/www.maisondurand.com\/index.php\/wp-json\/wp\/v2\/comments?post=2"}],"version-history":[{"count":5,"href":"https:\/\/www.maisondurand.com\/index.php\/wp-json\/wp\/v2\/pages\/2\/revisions"}],"predecessor-version":[{"id":705,"href":"https:\/\/www.maisondurand.com\/index.php\/wp-json\/wp\/v2\/pages\/2\/revisions\/705"}],"wp:attachment":[{"href":"https:\/\/www.maisondurand.com\/index.php\/wp-json\/wp\/v2\/media?parent=2"}],"curies":[{"name":"wp","href":"https:\/\/api.w.org\/{rel}","templated":true}]}}