{"id":468,"date":"2020-10-30T14:18:41","date_gmt":"2020-10-30T13:18:41","guid":{"rendered":"http:\/\/maisondurand.com\/?page_id=468"},"modified":"2025-10-09T16:20:48","modified_gmt":"2025-10-09T14:20:48","slug":"pour-le-gouter","status":"publish","type":"page","link":"https:\/\/www.maisondurand.com\/index.php\/pour-le-gouter\/","title":{"rendered":"POUR LE GO\u00dbTER"},"content":{"rendered":"\n<h1 class=\"wp-block-heading\">Pour le go\u00fbter<\/h1>\n\n\n\n<div style=\"height:64px\" aria-hidden=\"true\" class=\"wp-block-spacer\"><\/div>\n\n\n\n<div class=\"wp-block-media-text alignfull is-stacked-on-mobile\"><figure class=\"wp-block-media-text__media\"><img decoding=\"async\" src=\"https:\/\/maisondurand.com\/wp-content\/uploads\/2020\/10\/img_2772.jpg?w=525\" alt=\"\" class=\"wp-image-456 size-full\"\/><\/figure><div class=\"wp-block-media-text__content\">\n<h1 class=\"wp-block-heading has-text-align-left\">La Patapunta<\/h1>\n\n\n\n<p class=\"has-text-align-left\">Notre&nbsp;<strong>p\u00e2te \u00e0 tartiner<\/strong>&nbsp;\u00e0 la&nbsp;<strong>noisette<\/strong>&nbsp;est plus riche en noisettes que les p\u00e2tes \u00e0 tartiner classique&nbsp;! <\/p>\n\n\n\n<p class=\"has-text-align-left\"><strong>R\u00e9alis\u00e9e<\/strong>&nbsp;\u00e0 Saint Sulpice, dans notre&nbsp;<strong>laboratoire<\/strong>, nous nous attachons \u00e0 toujours donner le meilleur dans chaque pot.&nbsp;<strong>SANS OGM et SANS HUILE DE PALME<\/strong>.<\/p>\n\n\n\n<p class=\"has-text-align-left\"> Sur une tartine de pain \u00e0 l&#8217;heure du go\u00fbter ou au d\u00e9jeuner, ou encore sur une brioche, gaufre ou biscotte, les associations en seront infinies.&nbsp;<\/p>\n<\/div><\/div>\n\n\n\n<div class=\"wp-block-group\"><div class=\"wp-block-group__inner-container is-layout-flow wp-block-group-is-layout-flow\"><\/div><\/div>\n\n\n\n<div class=\"wp-block-media-text alignwide is-stacked-on-mobile\"><figure class=\"wp-block-media-text__media\"><img loading=\"lazy\" decoding=\"async\" width=\"768\" height=\"1024\" src=\"https:\/\/www.maisondurand.com\/wp-content\/uploads\/2024\/11\/img_2788-768x1024.jpg\" alt=\"\" class=\"wp-image-675 size-full\" srcset=\"https:\/\/www.maisondurand.com\/wp-content\/uploads\/2024\/11\/img_2788-768x1024.jpg 768w, https:\/\/www.maisondurand.com\/wp-content\/uploads\/2024\/11\/img_2788-225x300.jpg 225w, https:\/\/www.maisondurand.com\/wp-content\/uploads\/2024\/11\/img_2788-1152x1536.jpg 1152w, https:\/\/www.maisondurand.com\/wp-content\/uploads\/2024\/11\/img_2788-1536x2048.jpg 1536w, https:\/\/www.maisondurand.com\/wp-content\/uploads\/2024\/11\/img_2788-scaled.jpg 1920w\" sizes=\"auto, (max-width: 767px) 89vw, (max-width: 1000px) 54vw, (max-width: 1071px) 543px, 580px\" \/><\/figure><div class=\"wp-block-media-text__content\">\n<p style=\"font-size:26px\"><strong><em>LE PANETTONE <\/em><\/strong><\/p>\n\n\n\n<p style=\"font-size:15px\">Le&nbsp;<em>panettone<\/em>&nbsp;est un dessert traditionnel italien typiquement consomm\u00e9 pour les f\u00eates de No\u00ebl.&nbsp;Aux raisins secs et aux savoureuses \u00e9corces d&#8217;oranges , la texture du <em>panettone<\/em>&nbsp;est moelleuse \u00e0 souhait, d\u00e9licate.<\/p>\n\n\n\n<p style=\"font-size:15px\"> Un dessert gourmand et tendre \u00e0 souhait en format  750 gr<\/p>\n<\/div><\/div>\n\n\n\n<div class=\"wp-block-media-text alignwide is-stacked-on-mobile\"><figure class=\"wp-block-media-text__media\"><img loading=\"lazy\" decoding=\"async\" width=\"1024\" height=\"768\" src=\"http:\/\/www.maisondurand.com\/wp-content\/uploads\/2024\/11\/img_2789-1024x768.jpg\" alt=\"\" class=\"wp-image-674 size-full\" srcset=\"https:\/\/www.maisondurand.com\/wp-content\/uploads\/2024\/11\/img_2789-1024x768.jpg 1024w, https:\/\/www.maisondurand.com\/wp-content\/uploads\/2024\/11\/img_2789-300x225.jpg 300w, https:\/\/www.maisondurand.com\/wp-content\/uploads\/2024\/11\/img_2789-768x576.jpg 768w, https:\/\/www.maisondurand.com\/wp-content\/uploads\/2024\/11\/img_2789-1536x1152.jpg 1536w, https:\/\/www.maisondurand.com\/wp-content\/uploads\/2024\/11\/img_2789-2048x1536.jpg 2048w\" sizes=\"auto, (max-width: 767px) 89vw, (max-width: 1000px) 54vw, (max-width: 1071px) 543px, 580px\" \/><\/figure><div class=\"wp-block-media-text__content\">\n<p style=\"font-size:25px\"><strong>&nbsp;LE FENETRA<\/strong><\/p>\n\n\n\n<p style=\"font-size:17px\"> Une p\u00e2tisserie typiquement toulousaine, compos\u00e9e de meringue, de poudre d&#8217;amande et d&#8217;\u00e9corces confites dans un fond de p\u00e2te sabl\u00e9  est une d\u00e9licieuse gourmandise&#8230;<\/p>\n\n\n\n<p>Taille unique 5\/6 personnes <\/p>\n<\/div><\/div>\n\n\n\n<figure class=\"wp-block-image size-large\"><img loading=\"lazy\" decoding=\"async\" width=\"1024\" height=\"767\" src=\"https:\/\/www.maisondurand.com\/wp-content\/uploads\/2024\/11\/img_2908-1-1024x767.jpg\" alt=\"\" class=\"wp-image-677\" srcset=\"https:\/\/www.maisondurand.com\/wp-content\/uploads\/2024\/11\/img_2908-1-1024x767.jpg 1024w, https:\/\/www.maisondurand.com\/wp-content\/uploads\/2024\/11\/img_2908-1-300x225.jpg 300w, https:\/\/www.maisondurand.com\/wp-content\/uploads\/2024\/11\/img_2908-1-768x575.jpg 768w, https:\/\/www.maisondurand.com\/wp-content\/uploads\/2024\/11\/img_2908-1.jpg 1179w\" sizes=\"auto, (max-width: 767px) 89vw, (max-width: 1000px) 54vw, (max-width: 1071px) 543px, 580px\" \/><figcaption class=\"wp-element-caption\">Screenshot<\/figcaption><\/figure>\n\n\n\n<p class=\"has-text-align-center\">Cookies &#8211; Muffins &#8211; Fenetra- Tigr\u00e9 Caramel<\/p>\n\n\n\n<h2 class=\"wp-block-heading\"><\/h2>\n","protected":false},"excerpt":{"rendered":"<p>Pour le go\u00fbter La Patapunta Notre&nbsp;p\u00e2te \u00e0 tartiner&nbsp;\u00e0 la&nbsp;noisette&nbsp;est plus riche en noisettes que les p\u00e2tes \u00e0 tartiner classique&nbsp;! R\u00e9alis\u00e9e&nbsp;\u00e0 Saint Sulpice, dans notre&nbsp;laboratoire, nous nous attachons \u00e0 toujours donner le meilleur dans chaque pot.&nbsp;SANS OGM et SANS HUILE DE PALME. Sur une tartine de pain \u00e0 l&#8217;heure du go\u00fbter ou au d\u00e9jeuner, ou encore &hellip; <\/p>\n<p class=\"link-more\"><a href=\"https:\/\/www.maisondurand.com\/index.php\/pour-le-gouter\/\" class=\"more-link\">Continue reading<span class=\"screen-reader-text\"> &#8220;POUR LE GO\u00dbTER&#8221;<\/span><\/a><\/p>\n","protected":false},"author":1,"featured_media":0,"parent":0,"menu_order":0,"comment_status":"closed","ping_status":"closed","template":"","meta":{"footnotes":""},"class_list":["post-468","page","type-page","status-publish","hentry"],"_links":{"self":[{"href":"https:\/\/www.maisondurand.com\/index.php\/wp-json\/wp\/v2\/pages\/468","targetHints":{"allow":["GET"]}}],"collection":[{"href":"https:\/\/www.maisondurand.com\/index.php\/wp-json\/wp\/v2\/pages"}],"about":[{"href":"https:\/\/www.maisondurand.com\/index.php\/wp-json\/wp\/v2\/types\/page"}],"author":[{"embeddable":true,"href":"https:\/\/www.maisondurand.com\/index.php\/wp-json\/wp\/v2\/users\/1"}],"replies":[{"embeddable":true,"href":"https:\/\/www.maisondurand.com\/index.php\/wp-json\/wp\/v2\/comments?post=468"}],"version-history":[{"count":4,"href":"https:\/\/www.maisondurand.com\/index.php\/wp-json\/wp\/v2\/pages\/468\/revisions"}],"predecessor-version":[{"id":789,"href":"https:\/\/www.maisondurand.com\/index.php\/wp-json\/wp\/v2\/pages\/468\/revisions\/789"}],"wp:attachment":[{"href":"https:\/\/www.maisondurand.com\/index.php\/wp-json\/wp\/v2\/media?parent=468"}],"curies":[{"name":"wp","href":"https:\/\/api.w.org\/{rel}","templated":true}]}}