{"id":485,"date":"2020-12-03T19:21:32","date_gmt":"2020-12-03T18:21:32","guid":{"rendered":"http:\/\/maisondurand.com\/?page_id=485"},"modified":"2026-03-28T16:07:50","modified_gmt":"2026-03-28T15:07:50","slug":"noel-et-desserts-de-fetes","status":"publish","type":"page","link":"https:\/\/www.maisondurand.com\/","title":{"rendered":"Accueil"},"content":{"rendered":"\n<figure class=\"wp-block-image size-large\"><img loading=\"lazy\" decoding=\"async\" width=\"724\" height=\"1024\" src=\"https:\/\/www.maisondurand.com\/wp-content\/uploads\/2026\/03\/Affiche-Poster-Chasse-aux-Oeufs-Joyeuses-Paques-Illustre-Colore-724x1024.png\" alt=\"\" class=\"wp-image-824\" srcset=\"https:\/\/www.maisondurand.com\/wp-content\/uploads\/2026\/03\/Affiche-Poster-Chasse-aux-Oeufs-Joyeuses-Paques-Illustre-Colore-724x1024.png 724w, https:\/\/www.maisondurand.com\/wp-content\/uploads\/2026\/03\/Affiche-Poster-Chasse-aux-Oeufs-Joyeuses-Paques-Illustre-Colore-212x300.png 212w, https:\/\/www.maisondurand.com\/wp-content\/uploads\/2026\/03\/Affiche-Poster-Chasse-aux-Oeufs-Joyeuses-Paques-Illustre-Colore-768x1086.png 768w, https:\/\/www.maisondurand.com\/wp-content\/uploads\/2026\/03\/Affiche-Poster-Chasse-aux-Oeufs-Joyeuses-Paques-Illustre-Colore-1086x1536.png 1086w, https:\/\/www.maisondurand.com\/wp-content\/uploads\/2026\/03\/Affiche-Poster-Chasse-aux-Oeufs-Joyeuses-Paques-Illustre-Colore.png 1414w\" sizes=\"auto, (max-width: 724px) 100vw, 724px\" \/><\/figure>\n\n\n\n<p><\/p>\n\n\n\n<p><\/p>\n\n\n\n<p><\/p>\n\n\n\n<p><\/p>\n\n\n\n<p>J&#8217;ai fond\u00e9 la MAISON DURAND  en octobre 2013, apr\u00e8s plusieurs ann\u00e9es de formation, d\u2019apprentissage et de perfectionnement aux c\u00f4t\u00e9s de grands noms de la p\u00e2tisserie. Depuis toujours, nous avons pour mission de proposer l&#8217;excellence accessible \u00e0 tous.<\/p>\n\n\n\n<p>Nous sommes fiers de notre ancrage local et de nos valeurs artisanales. En tant qu\u2019entreprise tarnaise, nous privil\u00e9gions les circuits courts et s\u00e9lectionnons avec soin des produits frais et de qualit\u00e9, issus de producteurs locaux, pour cr\u00e9er des p\u00e2tisseries authentiques et savoureuses. Chaque cr\u00e9ation est \u00e9labor\u00e9e dans notre laboratoire de Saint-Sulpice par Monsieur Durand et son \u00e9quipe, avec un savoir-faire 100 % artisanal.<\/p>\n\n\n\n<p>Chez nous, l\u2019exp\u00e9rience client est au c\u0153ur de nos pr\u00e9occupations : nous vous offrons un accueil chaleureux, un conseil personnalis\u00e9, et un service de proximit\u00e9. Ensemble, nous cultivons l\u2019envie de bien faire, en mettant en avant des produits d\u2019exception et une attention unique \u00e0 chaque d\u00e9tail<\/p>\n\n\n\n<p>Esp\u00e9rant ravir vos yeux et vos papilles !<\/p>\n\n\n\n<p><\/p>\n","protected":false},"excerpt":{"rendered":"<p>J&#8217;ai fond\u00e9 la MAISON DURAND en octobre 2013, apr\u00e8s plusieurs ann\u00e9es de formation, d\u2019apprentissage et de perfectionnement aux c\u00f4t\u00e9s de grands noms de la p\u00e2tisserie. Depuis toujours, nous avons pour mission de proposer l&#8217;excellence accessible \u00e0 tous. Nous sommes fiers de notre ancrage local et de nos valeurs artisanales. En tant qu\u2019entreprise tarnaise, nous privil\u00e9gions &hellip; <\/p>\n<p class=\"link-more\"><a href=\"https:\/\/www.maisondurand.com\/\" class=\"more-link\">Continue reading<span class=\"screen-reader-text\"> &#8220;Accueil&#8221;<\/span><\/a><\/p>\n","protected":false},"author":1,"featured_media":0,"parent":0,"menu_order":0,"comment_status":"closed","ping_status":"closed","template":"","meta":{"footnotes":""},"class_list":["post-485","page","type-page","status-publish","hentry"],"_links":{"self":[{"href":"https:\/\/www.maisondurand.com\/index.php\/wp-json\/wp\/v2\/pages\/485","targetHints":{"allow":["GET"]}}],"collection":[{"href":"https:\/\/www.maisondurand.com\/index.php\/wp-json\/wp\/v2\/pages"}],"about":[{"href":"https:\/\/www.maisondurand.com\/index.php\/wp-json\/wp\/v2\/types\/page"}],"author":[{"embeddable":true,"href":"https:\/\/www.maisondurand.com\/index.php\/wp-json\/wp\/v2\/users\/1"}],"replies":[{"embeddable":true,"href":"https:\/\/www.maisondurand.com\/index.php\/wp-json\/wp\/v2\/comments?post=485"}],"version-history":[{"count":6,"href":"https:\/\/www.maisondurand.com\/index.php\/wp-json\/wp\/v2\/pages\/485\/revisions"}],"predecessor-version":[{"id":825,"href":"https:\/\/www.maisondurand.com\/index.php\/wp-json\/wp\/v2\/pages\/485\/revisions\/825"}],"wp:attachment":[{"href":"https:\/\/www.maisondurand.com\/index.php\/wp-json\/wp\/v2\/media?parent=485"}],"curies":[{"name":"wp","href":"https:\/\/api.w.org\/{rel}","templated":true}]}}